{"id":3,"date":"2020-08-25T11:30:23","date_gmt":"2020-08-25T09:30:23","guid":{"rendered":"http:\/\/champagnedrouillypierreetfils.com\/?page_id=3"},"modified":"2023-04-24T18:39:15","modified_gmt":"2023-04-24T16:39:15","slug":"mentions-legales","status":"publish","type":"page","link":"https:\/\/champagnedrouillypierreetfils.com\/index.php\/mentions-legales\/","title":{"rendered":"Mentions l\u00e9gales"},"content":{"rendered":"\t\t<div data-elementor-type=\"wp-page\" data-elementor-id=\"3\" class=\"elementor elementor-3\">\n\t\t\t\t\t\t<section class=\"elementor-section elementor-top-section elementor-element elementor-element-6fe13765 elementor-section-boxed elementor-section-height-default elementor-section-height-default\" data-id=\"6fe13765\" data-element_type=\"section\">\n\t\t\t\t\t\t<div class=\"elementor-container elementor-column-gap-default\">\n\t\t\t\t\t<div class=\"elementor-column elementor-col-100 elementor-top-column elementor-element elementor-element-4a8d4706\" data-id=\"4a8d4706\" data-element_type=\"column\">\n\t\t\t<div class=\"elementor-widget-wrap elementor-element-populated\">\n\t\t\t\t\t\t<div class=\"elementor-element elementor-element-703df563 elementor-widget elementor-widget-text-editor\" data-id=\"703df563\" data-element_type=\"widget\" data-widget_type=\"text-editor.default\">\n\t\t\t\t<div class=\"elementor-widget-container\">\n\t\t\t\t\t\t\t<p><!-- wp:columns --><\/p>\n<div class=\"wp-block-columns\"><p><!-- wp:column {\"width\":\"100%\"} --><\/p>\n<div class=\"wp-block-column\" style=\"flex-basis:100%\"><p><!-- wp:group --><\/p>\n<div class=\"wp-block-group\"><p><!-- wp:heading {\"level\":1} --><\/p>\n<h1><strong>Mentions l\u00e9gales<\/strong><\/h1>\n<p><!-- \/wp:heading --><\/p><\/div>\n<p><!-- \/wp:group --><\/p><\/div>\n<p><!-- \/wp:column --><\/p><\/div>\n<p><!-- \/wp:columns --><\/p>\n<p><!-- wp:quote --><\/p>\n<blockquote class=\"wp-block-quote\">\n<p><em><strong>Nous rappelons que la consommation d&rsquo;alcool est dangereuse pour la sant\u00e9 et qu&rsquo;il est \u00e0 consommer avec mod\u00e9ration. <\/strong><\/em><\/p>\n<\/blockquote>\n<p><!-- \/wp:quote --><\/p>\n<p><!-- wp:paragraph --><\/p>\n<p><!-- \/wp:paragraph --><\/p>\n<p><!-- wp:heading --><\/p>\n<h2>Qui sommes-nous&nbsp;?<\/h2>\n<p><!-- \/wp:heading --><\/p>\n<p><!-- wp:paragraph --><\/p>\n<p>L\u2019adresse de notre site Web est&nbsp;: https:\/\/champagnedrouillypierreetfils.com.<\/p>\n<p><!-- \/wp:paragraph --><\/p>\n<p><!-- wp:paragraph --><\/p>\n<p><strong>Raison sociale<\/strong>&nbsp;: SCEV Drouilly Jean Fran\u00e7ois<\/p><p>Ressortissant du Comit\u00e9 Champagne &#8211; SIRET 78038582900012<br>Titulaire de l&rsquo;identifiant unique FR246127_01QEKR<\/p>\n<p><!-- \/wp:paragraph --><\/p>\n<p><!-- wp:paragraph --><\/p>\n<p><strong>Si\u00e8ge social<\/strong>&nbsp;: 16 rue des Canes, 10360 No\u00e9-les-Mallets<\/p>\n<p><!-- \/wp:paragraph --><\/p>\n<p><!-- wp:paragraph --><\/p>\n<p><strong>T\u00e9l\u00e9phone<\/strong>&nbsp;: 03 25 29 75 32<\/p>\n<p><!-- \/wp:paragraph --><\/p>\n<p><!-- wp:paragraph --><\/p>\n<p><strong>Email<\/strong>&nbsp;: champagnedrouillypierre.etfils@orange.fr<\/p>\n<p><!-- \/wp:paragraph --><\/p>\n<p><!-- wp:paragraph --><\/p>\n<p><strong>N\u00b0 immatriculation RCS<\/strong>&nbsp;: TROYES 302 761 259<\/p>\n<p><!-- \/wp:paragraph --><\/p>\n<p><!-- wp:paragraph --><\/p>\n<p><strong>Num\u00e9ro de SIRET<\/strong>&nbsp;: 30276125900027&nbsp;<\/p>\n<p><!-- \/wp:paragraph --><\/p>\n<p><!-- wp:paragraph --><\/p>\n<p><strong>Directeur de la publication<\/strong>&nbsp;: Marie-B\u00e9n\u00e9dicte MARAT<\/p>\n<p><!-- \/wp:paragraph --><\/p>\n<p><!-- wp:paragraph --><\/p>\n<p><strong>Ce site est r\u00e9alis\u00e9 par<\/strong>&nbsp;: Gersende MARAT<\/p>\n<p><!-- \/wp:paragraph --><\/p>\n<p><!-- wp:paragraph --><\/p>\n<p><strong>Ce site est h\u00e9berg\u00e9 par<\/strong>&nbsp;:&nbsp;OVH<\/p>\n<p><!-- \/wp:paragraph --><\/p>\n<p><!-- wp:heading {\"level\":3} --><\/p>\n<h3>M\u00e9dias<\/h3>\n<p><!-- \/wp:heading --><\/p>\n<p><!-- wp:paragraph --><\/p>\n<p>Les m\u00e9dias utilis\u00e9s sur ce site sont la propri\u00e9t\u00e9 de leurs auteurs, Marie-B\u00e9n\u00e9dicte Marat et Gersende Marat, leur utilisation, reproduction ou modification est interdite.<\/p>\n<p><!-- \/wp:paragraph --><\/p>\n<p><!-- wp:paragraph --><\/p>\n<p>Copyright  SCEV Drouilly Jean Fran\u00e7ois. Tous droits d&rsquo;auteur des textes et \u0153uvres r\u00e9serv\u00e9s.<\/p>\n<p><!-- \/wp:paragraph --><\/p>\n<p><!-- wp:heading --><\/p>\n<h2>Informations de contact<\/h2>\n<p><!-- \/wp:heading --><\/p>\n<p><!-- wp:paragraph --><\/p>\n<p><strong>T\u00e9l\u00e9phone<\/strong>&nbsp;: 03 25 29 75 32<\/p>\n<p><!-- \/wp:paragraph --><\/p>\n<p><!-- wp:paragraph --><\/p>\n<p><strong>Email<\/strong>&nbsp;: champagnedrouillypierre.etfils@orange.fr<\/p>\n<p><!-- \/wp:paragraph --><\/p>\t\t\t\t\t\t<\/div>\n\t\t\t\t<\/div>\n\t\t\t\t\t<\/div>\n\t\t<\/div>\n\t\t\t\t\t<\/div>\n\t\t<\/section>\n\t\t\t\t<\/div>\n\t\t","protected":false},"excerpt":{"rendered":"<p>Mentions l\u00e9gales Nous rappelons que la consommation d&rsquo;alcool est dangereuse pour la sant\u00e9 et qu&rsquo;il est \u00e0 consommer avec mod\u00e9ration. Qui sommes-nous&nbsp;? L\u2019adresse de notre site Web est&nbsp;: https:\/\/champagnedrouillypierreetfils.com. Raison sociale&nbsp;: SCEV Drouilly Jean Fran\u00e7ois Ressortissant du Comit\u00e9 Champagne &#8211; SIRET 78038582900012Titulaire de l&rsquo;identifiant unique FR246127_01QEKR Si\u00e8ge social&nbsp;: 16 rue des Canes, 10360 No\u00e9-les-Mallets T\u00e9l\u00e9phone&nbsp;: [&hellip;]<\/p>\n","protected":false},"author":1,"featured_media":0,"parent":0,"menu_order":0,"comment_status":"closed","ping_status":"closed","template":"","meta":{"ocean_post_layout":"","ocean_both_sidebars_style":"","ocean_both_sidebars_content_width":0,"ocean_both_sidebars_sidebars_width":0,"ocean_sidebar":"0","ocean_second_sidebar":"0","ocean_disable_margins":"enable","ocean_add_body_class":"","ocean_shortcode_before_top_bar":"","ocean_shortcode_after_top_bar":"","ocean_shortcode_before_header":"","ocean_shortcode_after_header":"","ocean_has_shortcode":"","ocean_shortcode_after_title":"","ocean_shortcode_before_footer_widgets":"","ocean_shortcode_after_footer_widgets":"","ocean_shortcode_before_footer_bottom":"","ocean_shortcode_after_footer_bottom":"","ocean_display_top_bar":"default","ocean_display_header":"default","ocean_header_style":"","ocean_center_header_left_menu":"0","ocean_custom_header_template":"0","ocean_custom_logo":7,"ocean_custom_retina_logo":7,"ocean_custom_logo_max_width":0,"ocean_custom_logo_tablet_max_width":0,"ocean_custom_logo_mobile_max_width":0,"ocean_custom_logo_max_height":0,"ocean_custom_logo_tablet_max_height":0,"ocean_custom_logo_mobile_max_height":0,"ocean_header_custom_menu":"0","ocean_menu_typo_font_family":"0","ocean_menu_typo_font_subset":"","ocean_menu_typo_font_size":0,"ocean_menu_typo_font_size_tablet":0,"ocean_menu_typo_font_size_mobile":0,"ocean_menu_typo_font_size_unit":"px","ocean_menu_typo_font_weight":"","ocean_menu_typo_font_weight_tablet":"","ocean_menu_typo_font_weight_mobile":"","ocean_menu_typo_transform":"","ocean_menu_typo_transform_tablet":"","ocean_menu_typo_transform_mobile":"","ocean_menu_typo_line_height":0,"ocean_menu_typo_line_height_tablet":0,"ocean_menu_typo_line_height_mobile":0,"ocean_menu_typo_line_height_unit":"","ocean_menu_typo_spacing":0,"ocean_menu_typo_spacing_tablet":0,"ocean_menu_typo_spacing_mobile":0,"ocean_menu_typo_spacing_unit":"","ocean_menu_link_color":"","ocean_menu_link_color_hover":"","ocean_menu_link_color_active":"","ocean_menu_link_background":"","ocean_menu_link_hover_background":"","ocean_menu_link_active_background":"","ocean_menu_social_links_bg":"","ocean_menu_social_hover_links_bg":"","ocean_menu_social_links_color":"","ocean_menu_social_hover_links_color":"","ocean_disable_title":"default","ocean_disable_heading":"default","ocean_post_title":"","ocean_post_subheading":"","ocean_post_title_style":"","ocean_post_title_background_color":"","ocean_post_title_background":0,"ocean_post_title_bg_image_position":"","ocean_post_title_bg_image_attachment":"","ocean_post_title_bg_image_repeat":"","ocean_post_title_bg_image_size":"","ocean_post_title_height":0,"ocean_post_title_bg_overlay":0.5,"ocean_post_title_bg_overlay_color":"","ocean_disable_breadcrumbs":"default","ocean_breadcrumbs_color":"","ocean_breadcrumbs_separator_color":"","ocean_breadcrumbs_links_color":"","ocean_breadcrumbs_links_hover_color":"","ocean_display_footer_widgets":"default","ocean_display_footer_bottom":"default","ocean_custom_footer_template":"0","footnotes":""},"class_list":["post-3","page","type-page","status-publish","hentry","entry"],"_links":{"self":[{"href":"https:\/\/champagnedrouillypierreetfils.com\/index.php\/wp-json\/wp\/v2\/pages\/3","targetHints":{"allow":["GET"]}}],"collection":[{"href":"https:\/\/champagnedrouillypierreetfils.com\/index.php\/wp-json\/wp\/v2\/pages"}],"about":[{"href":"https:\/\/champagnedrouillypierreetfils.com\/index.php\/wp-json\/wp\/v2\/types\/page"}],"author":[{"embeddable":true,"href":"https:\/\/champagnedrouillypierreetfils.com\/index.php\/wp-json\/wp\/v2\/users\/1"}],"replies":[{"embeddable":true,"href":"https:\/\/champagnedrouillypierreetfils.com\/index.php\/wp-json\/wp\/v2\/comments?post=3"}],"version-history":[{"count":8,"href":"https:\/\/champagnedrouillypierreetfils.com\/index.php\/wp-json\/wp\/v2\/pages\/3\/revisions"}],"predecessor-version":[{"id":481,"href":"https:\/\/champagnedrouillypierreetfils.com\/index.php\/wp-json\/wp\/v2\/pages\/3\/revisions\/481"}],"wp:attachment":[{"href":"https:\/\/champagnedrouillypierreetfils.com\/index.php\/wp-json\/wp\/v2\/media?parent=3"}],"curies":[{"name":"wp","href":"https:\/\/api.w.org\/{rel}","templated":true}]}}